{"id":4400,"date":"2021-10-12T15:51:09","date_gmt":"2021-10-12T15:51:09","guid":{"rendered":"http:\/\/dummy.xtemos.com\/woodmart2\/elementor\/?page_id=4400"},"modified":"2025-05-30T12:14:44","modified_gmt":"2025-05-30T12:14:44","slug":"about-us-3","status":"publish","type":"page","link":"https:\/\/thefershop.com\/es\/about-us-3\/","title":{"rendered":"Qui\u00e9nes somos"},"content":{"rendered":"<div data-elementor-type=\"wp-page\" data-elementor-id=\"4400\" class=\"elementor elementor-4400\">\n\t\t\t\t<div class=\"wd-negative-gap elementor-element elementor-element-7c7c544 e-flex e-con-boxed e-con e-parent\" data-id=\"7c7c544\" data-element_type=\"container\" data-e-type=\"container\">\n\t\t\t\t\t<div class=\"e-con-inner\">\n\t\t<div class=\"elementor-element elementor-element-e7cb5cd e-con-full e-flex e-con e-child\" data-id=\"e7cb5cd\" data-element_type=\"container\" data-e-type=\"container\">\n\t\t\t\t<div class=\"elementor-element elementor-element-56aec39 elementor-widget elementor-widget-wd_image_or_svg\" data-id=\"56aec39\" data-element_type=\"widget\" data-e-type=\"widget\" data-widget_type=\"wd_image_or_svg.default\">\n\t\t\t\t<div class=\"elementor-widget-container\">\n\t\t\t\t\t\n\t\t<div class=\"wd-image text-left\">\n\t\t\t\t\t\t\t\t<img fetchpriority=\"high\" decoding=\"async\" width=\"580\" height=\"580\" src=\"https:\/\/thefershop.com\/wp-content\/uploads\/2025\/05\/martin-0DAqL81SGss-unsplash-scaled-580x580.jpg\" class=\"attachment-580x580 size-580x580\" alt=\"\" srcset=\"https:\/\/thefershop.com\/wp-content\/uploads\/2025\/05\/martin-0DAqL81SGss-unsplash-scaled-580x580.jpg 580w, https:\/\/thefershop.com\/wp-content\/uploads\/2025\/05\/martin-0DAqL81SGss-unsplash-150x150.jpg 150w\" sizes=\"(max-width: 580px) 100vw, 580px\" \/>\t\t\t\t\t<\/div>\n\n\t\t\t\t\t\t<\/div>\n\t\t\t\t<\/div>\n\t\t\t\t<\/div>\n\t\t<div class=\"elementor-element elementor-element-97d6084 e-con-full e-flex e-con e-child\" data-id=\"97d6084\" data-element_type=\"container\" data-e-type=\"container\">\n\t\t\t\t<div class=\"elementor-element elementor-element-98d830b wd-width-100 elementor-widget elementor-widget-wd_title\" data-id=\"98d830b\" data-element_type=\"widget\" data-e-type=\"widget\" data-widget_type=\"wd_title.default\">\n\t\t\t\t<div class=\"elementor-widget-container\">\n\t\t\t\t\t\t\t<div class=\"title-wrapper wd-set-mb reset-last-child wd-title-color-primary wd-title-style-default wd-title-size-large text-left\">\n\n\t\t\t\t\t\t\t\t\t\t\t<div class=\"title-subtitle subtitle-color-primary subtitle-style-default wd-fontsize-xs\">\n\t\t\t\t\tM\u00c1S INFORMACI\u00d3N\t\t\t\t<\/div>\n\t\t\t\n\t\t\t<div class=\"liner-continer\">\n\t\t\t\t<h4 class=\"woodmart-title-container title wd-fontsize-xxl\">Somos una cultura<\/h4> \n\t\t\t\t\t\t\t<\/div>\n\n\t\t\t\t\t\t\t<div class=\"title-after_title reset-last-child wd-fontsize-s\">\n\t\t\t\t\t<em>Creamos bolsos de piel de primera calidad con un estilo y una calidad atemporales, para ayudar a las mujeres de todo el mundo. Disfruta de nuestros selectos dise\u00f1os en cualquier parte del mundo.<\/em>\t\t\t\t<\/div>\n\t\t\t\t\t<\/div>\n\t\t\t\t\t\t<\/div>\n\t\t\t\t<\/div>\n\t\t\t\t<div class=\"elementor-element elementor-element-66e47ad elementor-widget elementor-widget-wd_text_block\" data-id=\"66e47ad\" data-element_type=\"widget\" data-e-type=\"widget\" data-widget_type=\"wd_text_block.default\">\n\t\t\t\t<div class=\"elementor-widget-container\">\n\t\t\t\t\t\t\t<div class=\"wd-text-block reset-last-child text-left\">\n\t\t\t\n\t\t\t<p>En el coraz\u00f3n de nuestra marca est\u00e1 la pasi\u00f3n por crear una elegancia atemporal a trav\u00e9s de bolsos y accesorios de piel de primera calidad. Cada pieza se elabora con un cuidado meticuloso, utilizando \u00fanicamente los mejores materiales para garantizar su durabilidad y sofisticaci\u00f3n. Nuestra misi\u00f3n es empoderar a las mujeres de todo el mundo con accesorios que combinan estilo, calidad y versatilidad, elevando cada momento y atuendo con un lujo sin esfuerzo.<\/p><p>Nos enorgullecemos de conectar con clientes de todo el mundo y de ofrecer un servicio de env\u00edo internacional sin interrupciones para llevar nuestros dise\u00f1os hasta la puerta de su casa. Inspiradas en la mujer moderna, nuestras colecciones est\u00e1n cuidadosamente seleccionadas para reflejar individualidad y confianza. \u00danase a nosotros en este viaje para celebrar la artesan\u00eda y el estilo, est\u00e9 donde est\u00e9.<\/p>\n\t\t\t\t\t<\/div>\n\t\t\t\t\t\t<\/div>\n\t\t\t\t<\/div>\n\t\t\t\t<\/div>\n\t\t\t\t\t<\/div>\n\t\t\t\t<\/div>\n\t\t\t\t<\/div>","protected":false},"excerpt":{"rendered":"<p>KNOW MORE ABOUT US We are a culture We craft premium leather handbags with timeless style and quality, empowering women<\/p>","protected":false},"author":1,"featured_media":0,"parent":0,"menu_order":0,"comment_status":"closed","ping_status":"closed","template":"","meta":{"footnotes":""},"class_list":["post-4400","page","type-page","status-publish","hentry"],"_links":{"self":[{"href":"https:\/\/thefershop.com\/es\/wp-json\/wp\/v2\/pages\/4400","targetHints":{"allow":["GET"]}}],"collection":[{"href":"https:\/\/thefershop.com\/es\/wp-json\/wp\/v2\/pages"}],"about":[{"href":"https:\/\/thefershop.com\/es\/wp-json\/wp\/v2\/types\/page"}],"author":[{"embeddable":true,"href":"https:\/\/thefershop.com\/es\/wp-json\/wp\/v2\/users\/1"}],"replies":[{"embeddable":true,"href":"https:\/\/thefershop.com\/es\/wp-json\/wp\/v2\/comments?post=4400"}],"version-history":[{"count":12,"href":"https:\/\/thefershop.com\/es\/wp-json\/wp\/v2\/pages\/4400\/revisions"}],"predecessor-version":[{"id":27744,"href":"https:\/\/thefershop.com\/es\/wp-json\/wp\/v2\/pages\/4400\/revisions\/27744"}],"wp:attachment":[{"href":"https:\/\/thefershop.com\/es\/wp-json\/wp\/v2\/media?parent=4400"}],"curies":[{"name":"wp","href":"https:\/\/api.w.org\/{rel}","templated":true}]}}